{"id":432,"date":"2013-10-16T12:25:46","date_gmt":"2013-10-16T11:25:46","guid":{"rendered":"http:\/\/www.musica-lannemezan.net\/?page_id=432"},"modified":"2015-09-06T18:03:54","modified_gmt":"2015-09-06T17:03:54","slug":"concours-2014","status":"publish","type":"page","link":"http:\/\/www.musica-lannemezan.net\/?page_id=432","title":{"rendered":"Saint Apollinaire &#8211; Juin 2014"},"content":{"rendered":"<p>Le Dimanche 8 Juin 2014, l\u2019Orchestre d\u2019Harmonie de la Soci\u00e9t\u00e9 Musicale du Plateau a particip\u00e9\u00a0au concours national de musique de Saint Apollinaire dans la Bourgogne\u00a0afin de valider notre\u00a0division Honneur acquise en 2010 \u00e0 Bourbon\u00a0Lancy.<\/p>\n<p>Les quatre vingt dix\u00a0musiciens de l\u2019Harmonie y ont interpr\u00e9t\u00e9 les morceaux \u00ab IKIRU YOROKOBI \u00bb de Roger BOUTRY et \u00ab\u00a0SELAMLIK \u00bb de Florent SCHMITT pour les\u00a0morceaux impos\u00e9s et \u00ab\u00a0TURBULENCES\u00a0\u00bb de J\u00e9r\u00f4me NAULAIS\u00a0en morceau au choix devant un jury compos\u00e9 de musiciens professionnels et compositeurs de renomm\u00e9e internationale, Thierry CAENS, Thierry WEBER et Maxime PITOIS.<\/p>\n<p>Samedi 7 Juin &#8211;\u00a0Nous voil\u00e0 en route en direction de La Bourgogne pour notre concours de musique \u00e0 Saint Apollinaire \u2013 Pause d\u00e9jeuner !<\/p>\n<p><a href=\"http:\/\/www.musica-lannemezan.net\/wp-content\/uploads\/2014\/06\/20140607-132200.jpg\"><img loading=\"lazy\" decoding=\"async\" class=\"aligncenter size-medium wp-image-641\" src=\"http:\/\/www.musica-lannemezan.net\/wp-content\/uploads\/2014\/06\/20140607-132200-500x375.jpg\" alt=\"Concours 2014 - Repas samedi midi\" width=\"500\" height=\"375\" srcset=\"http:\/\/www.musica-lannemezan.net\/wp-content\/uploads\/2014\/06\/20140607-132200-500x375.jpg 500w, http:\/\/www.musica-lannemezan.net\/wp-content\/uploads\/2014\/06\/20140607-132200.jpg 640w\" sizes=\"auto, (max-width: 500px) 100vw, 500px\" \/><\/a><\/p>\n<p>Arriv\u00e9\u00a0au lyc\u00e9e de Beaune apr\u00e8s 12 heures de voyage !\u00a0Installation dans les chambres !<\/p>\n<p><a href=\"http:\/\/www.musica-lannemezan.net\/wp-content\/uploads\/2014\/06\/20140607-191546.jpg\"><img loading=\"lazy\" decoding=\"async\" class=\"aligncenter size-medium wp-image-644\" src=\"http:\/\/www.musica-lannemezan.net\/wp-content\/uploads\/2014\/06\/20140607-191546-500x375.jpg\" alt=\"Concours 2014 - Arriv\u00e9e \u00e0 Beaune\" width=\"500\" height=\"375\" srcset=\"http:\/\/www.musica-lannemezan.net\/wp-content\/uploads\/2014\/06\/20140607-191546-500x375.jpg 500w, http:\/\/www.musica-lannemezan.net\/wp-content\/uploads\/2014\/06\/20140607-191546.jpg 640w\" sizes=\"auto, (max-width: 500px) 100vw, 500px\" \/><\/a><\/p>\n<p>Repas du samedi soir pour prendre des forces pour notre dernier raccord<\/p>\n<p><a href=\"http:\/\/www.musica-lannemezan.net\/wp-content\/uploads\/2014\/06\/20140607-203834.jpg\"><img loading=\"lazy\" decoding=\"async\" class=\"aligncenter size-full wp-image-649\" src=\"http:\/\/www.musica-lannemezan.net\/wp-content\/uploads\/2014\/06\/20140607-203834.jpg\" alt=\"Concours 2014 - Repas samedi soir\" width=\"500\" height=\"375\" \/><\/a><\/p>\n<p>Nous voil\u00e0 en place pour cette ultime r\u00e9p\u00e9tition<\/p>\n<p><a href=\"http:\/\/www.musica-lannemezan.net\/wp-content\/uploads\/2014\/06\/20140607-212830.jpg\"><img loading=\"lazy\" decoding=\"async\" class=\"aligncenter size-full wp-image-654\" src=\"http:\/\/www.musica-lannemezan.net\/wp-content\/uploads\/2014\/06\/20140607-212830.jpg\" alt=\"Concours 2014 - R\u00e9p\u00e9tition samedi soir\" width=\"500\" height=\"375\" \/><\/a><\/p>\n<p>&nbsp;<\/p>\n<p>Dimanche 8 Juin &#8211; Arriv\u00e9e dans la salle du concours<\/p>\n<p><a href=\"http:\/\/www.musica-lannemezan.net\/wp-content\/uploads\/2014\/06\/20140608-082220.jpg\"><img loading=\"lazy\" decoding=\"async\" class=\"aligncenter size-full wp-image-657\" src=\"http:\/\/www.musica-lannemezan.net\/wp-content\/uploads\/2014\/06\/20140608-082220.jpg\" alt=\"Concours 2014 - Salle de concours\" width=\"500\" height=\"375\" \/><\/a><\/p>\n<p>Pendant notre prestation du concours<\/p>\n<p><a href=\"http:\/\/www.musica-lannemezan.net\/wp-content\/uploads\/2014\/06\/20140608-101613.jpg\"><img loading=\"lazy\" decoding=\"async\" class=\"aligncenter size-medium wp-image-661\" src=\"http:\/\/www.musica-lannemezan.net\/wp-content\/uploads\/2014\/06\/20140608-101613-500x281.jpg\" alt=\"Concours 2014 - Pendant le concours2\" width=\"500\" height=\"281\" srcset=\"http:\/\/www.musica-lannemezan.net\/wp-content\/uploads\/2014\/06\/20140608-101613-500x281.jpg 500w, http:\/\/www.musica-lannemezan.net\/wp-content\/uploads\/2014\/06\/20140608-101613.jpg 640w\" sizes=\"auto, (max-width: 500px) 100vw, 500px\" \/><\/a><\/p>\n<p>Animation en plein air\u2026 Sous le soleil<\/p>\n<p><a href=\"http:\/\/www.musica-lannemezan.net\/wp-content\/uploads\/2014\/06\/20140608-113704.jpg\"><img loading=\"lazy\" decoding=\"async\" class=\"aligncenter size-full wp-image-664\" src=\"http:\/\/www.musica-lannemezan.net\/wp-content\/uploads\/2014\/06\/20140608-113704.jpg\" alt=\"Concours 2014 - Concert sous la chaleur\" width=\"500\" height=\"375\" \/><\/a><\/p>\n<p>Repas du dimanche midi<\/p>\n<p><a href=\"http:\/\/www.musica-lannemezan.net\/wp-content\/uploads\/2014\/06\/20140608-120154.jpg\"><img loading=\"lazy\" decoding=\"async\" class=\"aligncenter size-full wp-image-667\" src=\"http:\/\/www.musica-lannemezan.net\/wp-content\/uploads\/2014\/06\/20140608-120154.jpg\" alt=\"Concours 2014 - Pendant le repas de midi\" width=\"500\" height=\"375\" \/><\/a><\/p>\n<p>Visite de Dijon en attendant les r\u00e9sultats<\/p>\n<p><a href=\"http:\/\/www.musica-lannemezan.net\/wp-content\/uploads\/2014\/06\/20140608-143704.jpg\"><img loading=\"lazy\" decoding=\"async\" class=\"aligncenter size-full wp-image-670\" src=\"http:\/\/www.musica-lannemezan.net\/wp-content\/uploads\/2014\/06\/20140608-143704.jpg\" alt=\"Concours 2014 - Visite de Dijon\" width=\"500\" height=\"375\" \/><\/a><\/p>\n<p>Les musiciens cherchent l\u2019ombre en attendant les r\u00e9sultats<\/p>\n<p><a href=\"http:\/\/www.musica-lannemezan.net\/wp-content\/uploads\/2014\/06\/20140608-155015.jpg\"><img loading=\"lazy\" decoding=\"async\" class=\"aligncenter size-full wp-image-675\" src=\"http:\/\/www.musica-lannemezan.net\/wp-content\/uploads\/2014\/06\/20140608-155015.jpg\" alt=\"Concours 2014 - De l'ombre\" width=\"500\" height=\"375\" \/><\/a><\/p>\n<p>Salle de remise des prix<\/p>\n<p><a href=\"http:\/\/www.musica-lannemezan.net\/wp-content\/uploads\/2014\/06\/20140608-160348.jpg\"><img loading=\"lazy\" decoding=\"async\" class=\"aligncenter size-full wp-image-679\" src=\"http:\/\/www.musica-lannemezan.net\/wp-content\/uploads\/2014\/06\/20140608-160348.jpg\" alt=\"Concours 2014 - Salle de remise des prix\" width=\"500\" height=\"375\" \/><\/a><\/p>\n<p>La remise des prix commence !<\/p>\n<p><a href=\"http:\/\/www.musica-lannemezan.net\/wp-content\/uploads\/2014\/06\/20140608-164344.jpg\"><img loading=\"lazy\" decoding=\"async\" class=\"aligncenter size-full wp-image-682\" src=\"http:\/\/www.musica-lannemezan.net\/wp-content\/uploads\/2014\/06\/20140608-164344.jpg\" alt=\"Concours 2014 - Remise des prix\" width=\"500\" height=\"375\" \/><\/a><\/p>\n<p>PREMIER PRIX MENTION TRES BIEN 18\/20 DIVISION HONNEUR<\/p>\n<p><a href=\"http:\/\/www.musica-lannemezan.net\/wp-content\/uploads\/2014\/06\/20140608-182103.jpg\"><img loading=\"lazy\" decoding=\"async\" class=\"aligncenter size-full wp-image-687\" src=\"http:\/\/www.musica-lannemezan.net\/wp-content\/uploads\/2014\/06\/20140608-182103.jpg\" alt=\"Concours 2014 - Groupe\" width=\"500\" height=\"375\" \/><\/a><\/p>\n","protected":false},"excerpt":{"rendered":"<p>Le Dimanche 8 Juin 2014, l\u2019Orchestre d\u2019Harmonie de la Soci\u00e9t\u00e9 Musicale du Plateau a particip\u00e9\u00a0au concours national de musique de Saint Apollinaire dans la Bourgogne\u00a0afin de valider notre\u00a0division Honneur acquise en 2010 \u00e0 Bourbon\u00a0Lancy. Les quatre vingt dix\u00a0musiciens de l\u2019Harmonie y ont interpr\u00e9t\u00e9 les morceaux \u00ab IKIRU YOROKOBI \u00bb de Roger BOUTRY et \u00ab\u00a0SELAMLIK \u00bb &hellip; <a href=\"http:\/\/www.musica-lannemezan.net\/?page_id=432\" class=\"more-link\">Continuer la lecture de <span class=\"screen-reader-text\">Saint Apollinaire &#8211; Juin 2014<\/span> <span class=\"meta-nav\">&rarr;<\/span><\/a><\/p>\n","protected":false},"author":3,"featured_media":0,"parent":0,"menu_order":0,"comment_status":"closed","ping_status":"open","template":"","meta":{"footnotes":""},"class_list":["post-432","page","type-page","status-publish","hentry"],"_links":{"self":[{"href":"http:\/\/www.musica-lannemezan.net\/index.php?rest_route=\/wp\/v2\/pages\/432","targetHints":{"allow":["GET"]}}],"collection":[{"href":"http:\/\/www.musica-lannemezan.net\/index.php?rest_route=\/wp\/v2\/pages"}],"about":[{"href":"http:\/\/www.musica-lannemezan.net\/index.php?rest_route=\/wp\/v2\/types\/page"}],"author":[{"embeddable":true,"href":"http:\/\/www.musica-lannemezan.net\/index.php?rest_route=\/wp\/v2\/users\/3"}],"replies":[{"embeddable":true,"href":"http:\/\/www.musica-lannemezan.net\/index.php?rest_route=%2Fwp%2Fv2%2Fcomments&post=432"}],"version-history":[{"count":9,"href":"http:\/\/www.musica-lannemezan.net\/index.php?rest_route=\/wp\/v2\/pages\/432\/revisions"}],"predecessor-version":[{"id":876,"href":"http:\/\/www.musica-lannemezan.net\/index.php?rest_route=\/wp\/v2\/pages\/432\/revisions\/876"}],"wp:attachment":[{"href":"http:\/\/www.musica-lannemezan.net\/index.php?rest_route=%2Fwp%2Fv2%2Fmedia&parent=432"}],"curies":[{"name":"wp","href":"https:\/\/api.w.org\/{rel}","templated":true}]}}